{"id":1092,"date":"2025-02-21T08:24:15","date_gmt":"2025-02-21T08:24:15","guid":{"rendered":"https:\/\/www.m-sadriu.de\/?page_id=1092"},"modified":"2025-02-21T08:46:24","modified_gmt":"2025-02-21T08:46:24","slug":"datenschutzerklarung","status":"publish","type":"page","link":"https:\/\/www.m-sadriu.de\/?page_id=1092","title":{"rendered":"Datenschutz"},"content":{"rendered":"\t\t<div data-elementor-type=\"wp-page\" data-elementor-id=\"1092\" class=\"elementor elementor-1092\" data-elementor-post-type=\"page\">\n\t\t\t\t<div class=\"aux-parallax-section elementor-element elementor-element-470c41dd e-flex e-con-boxed e-con e-parent\" data-id=\"470c41dd\" data-element_type=\"container\">\n\t\t\t\t\t<div class=\"e-con-inner\">\n\t\t\t\t<div class=\"elementor-element elementor-element-3b3552b8 elementor-widget elementor-widget-text-editor\" data-id=\"3b3552b8\" data-element_type=\"widget\" data-widget_type=\"text-editor.default\">\n\t\t\t\t<div class=\"elementor-widget-container\">\n\t\t\t\t\t\t\t\t\t<h2 data-start=\"165\" data-end=\"193\"><strong data-start=\"168\" data-end=\"191\">1. Verantwortlicher<\/strong><\/h2><p data-start=\"194\" data-end=\"345\"><strong data-start=\"194\" data-end=\"217\">MS Dienstleistungen<\/strong><br data-start=\"217\" data-end=\"220\" \/>Mirsad Sadriu (Gesch\u00e4ftsinhaber)<br data-start=\"252\" data-end=\"255\" \/>Mittenfeldstr. 25, 70499 Stuttgart<br data-start=\"289\" data-end=\"292\" \/>E-Mail: <a rel=\"noopener\" data-start=\"300\" data-end=\"316\">info@m-sadriu.de<\/a><br data-start=\"316\" data-end=\"319\" \/>Telefon: +49 179 3726293<\/p><h2 data-start=\"347\" data-end=\"394\"><strong data-start=\"350\" data-end=\"392\">2. Allgemeine Hinweise zum Datenschutz<\/strong><\/h2><p data-start=\"395\" data-end=\"645\">Wir nehmen den Schutz Ihrer pers\u00f6nlichen Daten sehr ernst. Die Verarbeitung personenbezogener Daten erfolgt gem\u00e4\u00df den gesetzlichen Datenschutzvorschriften, insbesondere der Datenschutz-Grundverordnung (DSGVO) und dem Bundesdatenschutzgesetz (BDSG).<\/p><h2 data-start=\"647\" data-end=\"708\"><strong data-start=\"650\" data-end=\"706\">3. Erhebung und Verarbeitung personenbezogener Daten<\/strong><\/h2><p data-start=\"709\" data-end=\"847\">Wir verarbeiten personenbezogene Daten, wenn Sie unsere Website besuchen, unsere Dienstleistungen nutzen oder mit uns in Kontakt treten.<\/p><h3 data-start=\"849\" data-end=\"887\"><strong data-start=\"853\" data-end=\"885\">Verarbeitete Datenkategorien<\/strong><\/h3><ul data-start=\"888\" data-end=\"1033\"><li data-start=\"888\" data-end=\"902\">IP-Adresse<\/li><li data-start=\"903\" data-end=\"931\">Browser- und Ger\u00e4tedaten<\/li><li data-start=\"932\" data-end=\"988\">Nutzungsdaten (z. B. besuchte Seiten, Interaktionen)<\/li><li data-start=\"989\" data-end=\"1033\">Kontaktdaten, sofern von Ihnen angegeben<\/li><\/ul><h2 data-start=\"1035\" data-end=\"1075\"><strong data-start=\"1038\" data-end=\"1073\">4. Verwendete Dienste und Tools<\/strong><\/h2><h3 data-start=\"1077\" data-end=\"1105\"><strong data-start=\"1081\" data-end=\"1103\">Real Cookie Banner<\/strong><\/h3><p data-start=\"1106\" data-end=\"1308\">Wir verwenden <strong data-start=\"1120\" data-end=\"1142\">Real Cookie Banner<\/strong>, um Ihre Einwilligung zur Speicherung bestimmter Cookies in Ihrem Browser oder zum Einsatz bestimmter Technologien gem\u00e4\u00df der DSGVO einzuholen und zu dokumentieren.<\/p><p data-start=\"1310\" data-end=\"1352\">Dabei werden folgende Daten verarbeitet:<\/p><ul data-start=\"1353\" data-end=\"1504\"><li data-start=\"1353\" data-end=\"1378\">Ihre Einwilligungs-ID<\/li><li data-start=\"1379\" data-end=\"1424\">Einwilligungsstatus mit Datum und Uhrzeit<\/li><li data-start=\"1425\" data-end=\"1450\">Browser-Informationen<\/li><li data-start=\"1451\" data-end=\"1474\">Ger\u00e4teinformationen<\/li><li data-start=\"1475\" data-end=\"1504\">IP-Adresse (anonymisiert)<\/li><\/ul><p data-start=\"1506\" data-end=\"1695\"><strong data-start=\"1506\" data-end=\"1519\">Anbieter:<\/strong> devowl.io GmbH, Tannet 12, 94539 Grafling, Deutschland<br data-start=\"1574\" data-end=\"1577\" \/><strong data-start=\"1577\" data-end=\"1602\">Datenschutzerkl\u00e4rung:<\/strong> <a target=\"_new\" rel=\"noopener\" data-start=\"1603\" data-end=\"1693\">https:\/\/devowl.io\/de\/datenschutzerklaerung\/<\/a><\/p><p data-start=\"1697\" data-end=\"1873\">Die Verarbeitung dieser Daten erfolgt gem\u00e4\u00df <strong data-start=\"1741\" data-end=\"1771\">Art. 6 Abs. 1 lit. c DSGVO<\/strong> zur Erf\u00fcllung unserer rechtlichen Verpflichtung zur Einholung und Dokumentation von Einwilligungen.<\/p><h3 data-start=\"1875\" data-end=\"1894\"><strong data-start=\"1879\" data-end=\"1892\">Elementor<\/strong><\/h3><p data-start=\"1895\" data-end=\"2053\">Wir verwenden Elementor, ein Tool zur Gestaltung unserer Website. Dieses speichert Daten nur, wenn Sie ein Benutzerkonto haben oder Kommentare hinterlassen.<\/p><h3 data-start=\"2055\" data-end=\"2077\"><strong data-start=\"2059\" data-end=\"2075\">Google Fonts<\/strong><\/h3><p data-start=\"2078\" data-end=\"2307\">Unsere Website nutzt Google Fonts zur einheitlichen Darstellung von Schriftarten. Beim Aufruf einer Seite l\u00e4dt Ihr Browser die ben\u00f6tigten Schriftarten von Google-Servern. Dabei kann Ihre IP-Adresse an Google \u00fcbermittelt werden.<\/p><p data-start=\"2309\" data-end=\"2495\"><strong data-start=\"2309\" data-end=\"2322\">Anbieter:<\/strong> Google LLC, 1600 Amphitheatre Parkway, Mountain View, CA 94043, USA<br data-start=\"2390\" data-end=\"2393\" \/><strong data-start=\"2393\" data-end=\"2418\">Datenschutzerkl\u00e4rung:<\/strong> <a target=\"_new\" rel=\"noopener\" data-start=\"2419\" data-end=\"2493\">https:\/\/policies.google.com\/privacy<\/a><\/p><h3 data-start=\"2497\" data-end=\"2515\"><strong data-start=\"2501\" data-end=\"2513\">Gravatar<\/strong><\/h3><p data-start=\"2516\" data-end=\"2681\">Wir nutzen Gravatar f\u00fcr die Darstellung von Benutzerprofilbildern in Kommentaren. Wenn Sie Gravatar verwenden, kann Ihre IP-Adresse an Gravatar \u00fcbermittelt werden.<\/p><p data-start=\"2683\" data-end=\"2860\"><strong data-start=\"2683\" data-end=\"2696\">Anbieter:<\/strong> Automattic Inc., 60 29th Street #343, San Francisco, CA 94110, USA<br data-start=\"2763\" data-end=\"2766\" \/><strong data-start=\"2766\" data-end=\"2791\">Datenschutzerkl\u00e4rung:<\/strong> <a target=\"_new\" rel=\"noopener\" data-start=\"2792\" data-end=\"2858\">https:\/\/automattic.com\/privacy\/<\/a><\/p><h3 data-start=\"2862\" data-end=\"2890\"><strong data-start=\"2866\" data-end=\"2888\">WordPress Comments<\/strong><\/h3><p data-start=\"2891\" data-end=\"3010\">Unsere Website erm\u00f6glicht das Hinterlassen von Kommentaren. Dabei werden die von Ihnen angegebenen Daten gespeichert.<\/p><h3 data-start=\"3012\" data-end=\"3038\"><strong data-start=\"3016\" data-end=\"3036\">WordPress Emojis<\/strong><\/h3><p data-start=\"3039\" data-end=\"3187\">Unsere Website verwendet WordPress Emojis, die von externen Servern geladen werden. Dabei kann Ihre IP-Adresse an den Anbieter \u00fcbermittelt werden.<\/p><h2 data-start=\"3189\" data-end=\"3234\"><strong data-start=\"3192\" data-end=\"3232\">5. Rechtsgrundlagen der Verarbeitung<\/strong><\/h2><p data-start=\"3235\" data-end=\"3337\">Die Verarbeitung personenbezogener Daten erfolgt gem\u00e4\u00df Art. 6 Abs. 1 DSGVO auf folgenden Grundlagen:<\/p><ul data-start=\"3338\" data-end=\"3693\"><li data-start=\"3338\" data-end=\"3440\"><strong data-start=\"3340\" data-end=\"3385\">Einwilligung (Art. 6 Abs. 1 lit. a DSGVO)<\/strong> \u2013 wenn Sie der Nutzung bestimmter Dienste zustimmen.<\/li><li data-start=\"3441\" data-end=\"3585\"><strong data-start=\"3443\" data-end=\"3493\">Vertragserf\u00fcllung (Art. 6 Abs. 1 lit. b DSGVO)<\/strong> \u2013 wenn die Verarbeitung f\u00fcr die Bereitstellung unserer Dienstleistungen erforderlich ist.<\/li><li data-start=\"3586\" data-end=\"3693\"><strong data-start=\"3588\" data-end=\"3643\">Berechtigtes Interesse (Art. 6 Abs. 1 lit. f DSGVO)<\/strong> \u2013 zur Optimierung unserer Website und Services.<\/li><\/ul><h2 data-start=\"3695\" data-end=\"3720\"><strong data-start=\"3698\" data-end=\"3718\">6. Speicherdauer<\/strong><\/h2><p data-start=\"3721\" data-end=\"3872\">Wir speichern personenbezogene Daten nur so lange, wie es f\u00fcr den jeweiligen Zweck erforderlich ist oder gesetzliche Aufbewahrungspflichten bestehen.<\/p><h2 data-start=\"3874\" data-end=\"3897\"><strong data-start=\"3877\" data-end=\"3895\">7. Ihre Rechte<\/strong><\/h2><p data-start=\"3898\" data-end=\"3924\">Sie haben das Recht auf:<\/p><ul data-start=\"3925\" data-end=\"4162\"><li data-start=\"3925\" data-end=\"3953\">Auskunft (Art. 15 DSGVO)<\/li><li data-start=\"3954\" data-end=\"3986\">Berichtigung (Art. 16 DSGVO)<\/li><li data-start=\"3987\" data-end=\"4015\">L\u00f6schung (Art. 17 DSGVO)<\/li><li data-start=\"4016\" data-end=\"4066\">Einschr\u00e4nkung der Verarbeitung (Art. 18 DSGVO)<\/li><li data-start=\"4067\" data-end=\"4107\">Daten\u00fcbertragbarkeit (Art. 20 DSGVO)<\/li><li data-start=\"4108\" data-end=\"4162\">Widerspruch gegen die Verarbeitung (Art. 21 DSGVO)<\/li><\/ul><p data-start=\"4164\" data-end=\"4250\">Zur Wahrnehmung Ihrer Rechte k\u00f6nnen Sie uns unter <strong data-start=\"4214\" data-end=\"4234\"><a rel=\"noopener\" data-start=\"4216\" data-end=\"4232\">info@m-sadriu.de<\/a><\/strong> kontaktieren.<\/p><h2 data-start=\"4252\" data-end=\"4302\"><strong data-start=\"4255\" data-end=\"4300\">8. \u00c4nderungen dieser Datenschutzerkl\u00e4rung<\/strong><\/h2><p data-start=\"4303\" data-end=\"4442\">Wir behalten uns vor, diese Datenschutzerkl\u00e4rung jederzeit zu aktualisieren. Die jeweils aktuelle Version finden Sie auf unserer Website.<\/p>\t\t\t\t\t\t\t\t<\/div>\n\t\t\t\t<\/div>\n\t\t\t\t\t<\/div>\n\t\t\t\t<\/div>\n\t\t\t\t<\/div>\n\t\t","protected":false},"excerpt":{"rendered":"<p>1. Verantwortlicher MS DienstleistungenMirsad Sadriu (Gesch\u00e4ftsinhaber)Mittenfeldstr. 25, 70499 StuttgartE-Mail: info@m-sadriu.deTelefon: +49 179 3726293 2. Allgemeine Hinweise zum Datenschutz Wir nehmen den Schutz Ihrer pers\u00f6nlichen Daten sehr ernst. Die Verarbeitung personenbezogener Daten erfolgt gem\u00e4\u00df den gesetzlichen Datenschutzvorschriften, insbesondere der Datenschutz-Grundverordnung (DSGVO) und dem Bundesdatenschutzgesetz (BDSG). 3. Erhebung und Verarbeitung personenbezogener Daten Wir verarbeiten personenbezogene Daten, wenn [&hellip;]<\/p>\n","protected":false},"author":1,"featured_media":0,"parent":0,"menu_order":0,"comment_status":"closed","ping_status":"closed","template":"","meta":{"footnotes":""},"class_list":["post-1092","page","type-page","status-publish","hentry"],"_links":{"self":[{"href":"https:\/\/www.m-sadriu.de\/index.php?rest_route=\/wp\/v2\/pages\/1092","targetHints":{"allow":["GET"]}}],"collection":[{"href":"https:\/\/www.m-sadriu.de\/index.php?rest_route=\/wp\/v2\/pages"}],"about":[{"href":"https:\/\/www.m-sadriu.de\/index.php?rest_route=\/wp\/v2\/types\/page"}],"author":[{"embeddable":true,"href":"https:\/\/www.m-sadriu.de\/index.php?rest_route=\/wp\/v2\/users\/1"}],"replies":[{"embeddable":true,"href":"https:\/\/www.m-sadriu.de\/index.php?rest_route=%2Fwp%2Fv2%2Fcomments&post=1092"}],"version-history":[{"count":5,"href":"https:\/\/www.m-sadriu.de\/index.php?rest_route=\/wp\/v2\/pages\/1092\/revisions"}],"predecessor-version":[{"id":1128,"href":"https:\/\/www.m-sadriu.de\/index.php?rest_route=\/wp\/v2\/pages\/1092\/revisions\/1128"}],"wp:attachment":[{"href":"https:\/\/www.m-sadriu.de\/index.php?rest_route=%2Fwp%2Fv2%2Fmedia&parent=1092"}],"curies":[{"name":"wp","href":"https:\/\/api.w.org\/{rel}","templated":true}]}}